{"id":19,"date":"2024-12-04T10:16:51","date_gmt":"2024-12-04T10:16:51","guid":{"rendered":"https:\/\/tgnames.com\/de\/?page_id=19"},"modified":"2024-12-04T11:25:41","modified_gmt":"2024-12-04T11:25:41","slug":"telegramm-schriftgenerator","status":"publish","type":"page","link":"https:\/\/tgnames.com\/de\/telegramm-schriftgenerator\/","title":{"rendered":"Telegramm-Schriftgenerator"},"content":{"rendered":"\n<p>Verbessern Sie Ihr Telegram-Erlebnis mit unserem Telegram-Schriftgenerator, der einfachen Text in stilvolle und einzigartige Schriftarten umwandelt. Egal, ob Sie fette, kursive oder dekorative Textstile erstellen m\u00f6chten, unser benutzerfreundliches Tool bietet eine breite Palette an Optionen, um Ihre Nachrichten hervorzuheben. Geben Sie einfach Ihren gew\u00fcnschten Text ein und unser Generator bietet verschiedene Schriftarten, die Sie kopieren und in Ihre Telegram-Chats einf\u00fcgen k\u00f6nnen. Verbessern Sie Ihre Kommunikation und dr\u00fccken Sie sich wie nie zuvor mit unserem Telegram-Schriftgenerator aus.<\/p>\n","protected":false},"excerpt":{"rendered":"<p>Verbessern Sie Ihr Telegram-Erlebnis mit unserem Telegram-Schriftgenerator, der einfachen Text in stilvolle und einzigartige Schriftarten umwandelt. Egal, ob Sie fette, kursive oder dekorative Textstile erstellen m\u00f6chten, unser benutzerfreundliches Tool bietet eine breite Palette an Optionen, um Ihre Nachrichten hervorzuheben. Geben Sie einfach Ihren gew\u00fcnschten Text ein und unser Generator bietet verschiedene Schriftarten, die Sie kopieren [&hellip;]<\/p>\n","protected":false},"author":1,"featured_media":0,"parent":0,"menu_order":0,"comment_status":"closed","ping_status":"closed","template":"","meta":{"_uag_custom_page_level_css":"","footnotes":""},"class_list":["post-19","page","type-page","status-publish","hentry"],"yoast_head":"<!-- This site is optimized with the Yoast SEO plugin v24.0 - https:\/\/yoast.com\/wordpress\/plugins\/seo\/ -->\n<title>Telegram-Schriftarten \u2013 Online-Tool: \u270c\ufe0f\ud83c\udd7a\ud83c\udd7e\ud83c\udd7f\ud83c\udd78\ud83c\udd74\ud83c\udd81\ud83c\udd74\ud83c\udd7d &amp; \ud83c\udd74\ud83c\udd78\ud83c\udd7d\ud83c\udd75\u00fc\ud83c\udd76\ud83c\udd74\ud83c\udd7d\u270c\ufe0f<\/title>\n<meta name=\"description\" content=\"Erstellen Sie mit unserem benutzerfreundlichen Telegram-Schriftgenerator einzigartige und stilvolle Schriftarten f\u00fcr Ihren Telegram-Namen oder Ihre Telegram-Nachrichten. Verleihen Sie Ihren Chats eine pers\u00f6nliche Note und heben Sie sich von der Masse ab! Perfekt zum Erstellen von fetten, kursiven und dekorativen Textstilen.\" \/>\n<meta name=\"robots\" content=\"index, follow, max-snippet:-1, max-image-preview:large, max-video-preview:-1\" \/>\n<link rel=\"canonical\" href=\"https:\/\/tgnames.com\/de\/telegramm-schriftgenerator\/\" \/>\n<meta property=\"og:locale\" content=\"de_DE\" \/>\n<meta property=\"og:type\" content=\"article\" \/>\n<meta property=\"og:title\" content=\"Telegram-Schriftarten \u2013 Online-Tool: \u270c\ufe0f\ud83c\udd7a\ud83c\udd7e\ud83c\udd7f\ud83c\udd78\ud83c\udd74\ud83c\udd81\ud83c\udd74\ud83c\udd7d &amp; \ud83c\udd74\ud83c\udd78\ud83c\udd7d\ud83c\udd75\u00fc\ud83c\udd76\ud83c\udd74\ud83c\udd7d\u270c\ufe0f\" \/>\n<meta property=\"og:description\" content=\"Erstellen Sie mit unserem benutzerfreundlichen Telegram-Schriftgenerator einzigartige und stilvolle Schriftarten f\u00fcr Ihren Telegram-Namen oder Ihre Telegram-Nachrichten. Verleihen Sie Ihren Chats eine pers\u00f6nliche Note und heben Sie sich von der Masse ab! Perfekt zum Erstellen von fetten, kursiven und dekorativen Textstilen.\" \/>\n<meta property=\"og:url\" content=\"https:\/\/tgnames.com\/de\/telegramm-schriftgenerator\/\" \/>\n<meta property=\"og:site_name\" content=\"TG Names\" \/>\n<meta property=\"article:modified_time\" content=\"2024-12-04T11:25:41+00:00\" \/>\n<meta name=\"twitter:card\" content=\"summary_large_image\" \/>\n<meta name=\"twitter:label1\" content=\"Gesch\u00e4tzte Lesezeit\" \/>\n\t<meta name=\"twitter:data1\" content=\"1\u00a0Minute\" \/>\n<script type=\"application\/ld+json\" class=\"yoast-schema-graph\">{\"@context\":\"https:\/\/schema.org\",\"@graph\":[{\"@type\":\"WebPage\",\"@id\":\"https:\/\/tgnames.com\/de\/telegramm-schriftgenerator\/\",\"url\":\"https:\/\/tgnames.com\/de\/telegramm-schriftgenerator\/\",\"name\":\"Telegram-Schriftarten \u2013 Online-Tool: \u270c\ufe0f\ud83c\udd7a\ud83c\udd7e\ud83c\udd7f\ud83c\udd78\ud83c\udd74\ud83c\udd81\ud83c\udd74\ud83c\udd7d & \ud83c\udd74\ud83c\udd78\ud83c\udd7d\ud83c\udd75\u00fc\ud83c\udd76\ud83c\udd74\ud83c\udd7d\u270c\ufe0f\",\"isPartOf\":{\"@id\":\"https:\/\/tgnames.com\/de\/#website\"},\"datePublished\":\"2024-12-04T10:16:51+00:00\",\"dateModified\":\"2024-12-04T11:25:41+00:00\",\"description\":\"Erstellen Sie mit unserem benutzerfreundlichen Telegram-Schriftgenerator einzigartige und stilvolle Schriftarten f\u00fcr Ihren Telegram-Namen oder Ihre Telegram-Nachrichten. Verleihen Sie Ihren Chats eine pers\u00f6nliche Note und heben Sie sich von der Masse ab! Perfekt zum Erstellen von fetten, kursiven und dekorativen Textstilen.\",\"breadcrumb\":{\"@id\":\"https:\/\/tgnames.com\/de\/telegramm-schriftgenerator\/#breadcrumb\"},\"inLanguage\":\"de\",\"potentialAction\":[{\"@type\":\"ReadAction\",\"target\":[\"https:\/\/tgnames.com\/de\/telegramm-schriftgenerator\/\"]}]},{\"@type\":\"BreadcrumbList\",\"@id\":\"https:\/\/tgnames.com\/de\/telegramm-schriftgenerator\/#breadcrumb\",\"itemListElement\":[{\"@type\":\"ListItem\",\"position\":1,\"name\":\"Home\",\"item\":\"https:\/\/tgnames.com\/de\/\"},{\"@type\":\"ListItem\",\"position\":2,\"name\":\"Telegramm-Schriftgenerator\"}]},{\"@type\":\"WebSite\",\"@id\":\"https:\/\/tgnames.com\/de\/#website\",\"url\":\"https:\/\/tgnames.com\/de\/\",\"name\":\"TG Names\",\"description\":\"\",\"publisher\":{\"@id\":\"https:\/\/tgnames.com\/de\/#organization\"},\"potentialAction\":[{\"@type\":\"SearchAction\",\"target\":{\"@type\":\"EntryPoint\",\"urlTemplate\":\"https:\/\/tgnames.com\/de\/?s={search_term_string}\"},\"query-input\":{\"@type\":\"PropertyValueSpecification\",\"valueRequired\":true,\"valueName\":\"search_term_string\"}}],\"inLanguage\":\"de\"},{\"@type\":\"Organization\",\"@id\":\"https:\/\/tgnames.com\/de\/#organization\",\"name\":\"TG Names\",\"url\":\"https:\/\/tgnames.com\/de\/\",\"logo\":{\"@type\":\"ImageObject\",\"inLanguage\":\"de\",\"@id\":\"https:\/\/tgnames.com\/de\/#\/schema\/logo\/image\/\",\"url\":\"https:\/\/tgnames.com\/de\/wp-content\/uploads\/sites\/2\/2024\/12\/cropped-logo-small-png.webp\",\"contentUrl\":\"https:\/\/tgnames.com\/de\/wp-content\/uploads\/sites\/2\/2024\/12\/cropped-logo-small-png.webp\",\"width\":428,\"height\":70,\"caption\":\"TG Names\"},\"image\":{\"@id\":\"https:\/\/tgnames.com\/de\/#\/schema\/logo\/image\/\"}}]}<\/script>\n<!-- \/ Yoast SEO plugin. -->","yoast_head_json":{"title":"Telegram-Schriftarten \u2013 Online-Tool: \u270c\ufe0f\ud83c\udd7a\ud83c\udd7e\ud83c\udd7f\ud83c\udd78\ud83c\udd74\ud83c\udd81\ud83c\udd74\ud83c\udd7d & \ud83c\udd74\ud83c\udd78\ud83c\udd7d\ud83c\udd75\u00fc\ud83c\udd76\ud83c\udd74\ud83c\udd7d\u270c\ufe0f","description":"Erstellen Sie mit unserem benutzerfreundlichen Telegram-Schriftgenerator einzigartige und stilvolle Schriftarten f\u00fcr Ihren Telegram-Namen oder Ihre Telegram-Nachrichten. Verleihen Sie Ihren Chats eine pers\u00f6nliche Note und heben Sie sich von der Masse ab! Perfekt zum Erstellen von fetten, kursiven und dekorativen Textstilen.","robots":{"index":"index","follow":"follow","max-snippet":"max-snippet:-1","max-image-preview":"max-image-preview:large","max-video-preview":"max-video-preview:-1"},"canonical":"https:\/\/tgnames.com\/de\/telegramm-schriftgenerator\/","og_locale":"de_DE","og_type":"article","og_title":"Telegram-Schriftarten \u2013 Online-Tool: \u270c\ufe0f\ud83c\udd7a\ud83c\udd7e\ud83c\udd7f\ud83c\udd78\ud83c\udd74\ud83c\udd81\ud83c\udd74\ud83c\udd7d & \ud83c\udd74\ud83c\udd78\ud83c\udd7d\ud83c\udd75\u00fc\ud83c\udd76\ud83c\udd74\ud83c\udd7d\u270c\ufe0f","og_description":"Erstellen Sie mit unserem benutzerfreundlichen Telegram-Schriftgenerator einzigartige und stilvolle Schriftarten f\u00fcr Ihren Telegram-Namen oder Ihre Telegram-Nachrichten. Verleihen Sie Ihren Chats eine pers\u00f6nliche Note und heben Sie sich von der Masse ab! Perfekt zum Erstellen von fetten, kursiven und dekorativen Textstilen.","og_url":"https:\/\/tgnames.com\/de\/telegramm-schriftgenerator\/","og_site_name":"TG Names","article_modified_time":"2024-12-04T11:25:41+00:00","twitter_card":"summary_large_image","twitter_misc":{"Gesch\u00e4tzte Lesezeit":"1\u00a0Minute"},"schema":{"@context":"https:\/\/schema.org","@graph":[{"@type":"WebPage","@id":"https:\/\/tgnames.com\/de\/telegramm-schriftgenerator\/","url":"https:\/\/tgnames.com\/de\/telegramm-schriftgenerator\/","name":"Telegram-Schriftarten \u2013 Online-Tool: \u270c\ufe0f\ud83c\udd7a\ud83c\udd7e\ud83c\udd7f\ud83c\udd78\ud83c\udd74\ud83c\udd81\ud83c\udd74\ud83c\udd7d & \ud83c\udd74\ud83c\udd78\ud83c\udd7d\ud83c\udd75\u00fc\ud83c\udd76\ud83c\udd74\ud83c\udd7d\u270c\ufe0f","isPartOf":{"@id":"https:\/\/tgnames.com\/de\/#website"},"datePublished":"2024-12-04T10:16:51+00:00","dateModified":"2024-12-04T11:25:41+00:00","description":"Erstellen Sie mit unserem benutzerfreundlichen Telegram-Schriftgenerator einzigartige und stilvolle Schriftarten f\u00fcr Ihren Telegram-Namen oder Ihre Telegram-Nachrichten. Verleihen Sie Ihren Chats eine pers\u00f6nliche Note und heben Sie sich von der Masse ab! Perfekt zum Erstellen von fetten, kursiven und dekorativen Textstilen.","breadcrumb":{"@id":"https:\/\/tgnames.com\/de\/telegramm-schriftgenerator\/#breadcrumb"},"inLanguage":"de","potentialAction":[{"@type":"ReadAction","target":["https:\/\/tgnames.com\/de\/telegramm-schriftgenerator\/"]}]},{"@type":"BreadcrumbList","@id":"https:\/\/tgnames.com\/de\/telegramm-schriftgenerator\/#breadcrumb","itemListElement":[{"@type":"ListItem","position":1,"name":"Home","item":"https:\/\/tgnames.com\/de\/"},{"@type":"ListItem","position":2,"name":"Telegramm-Schriftgenerator"}]},{"@type":"WebSite","@id":"https:\/\/tgnames.com\/de\/#website","url":"https:\/\/tgnames.com\/de\/","name":"TG Names","description":"","publisher":{"@id":"https:\/\/tgnames.com\/de\/#organization"},"potentialAction":[{"@type":"SearchAction","target":{"@type":"EntryPoint","urlTemplate":"https:\/\/tgnames.com\/de\/?s={search_term_string}"},"query-input":{"@type":"PropertyValueSpecification","valueRequired":true,"valueName":"search_term_string"}}],"inLanguage":"de"},{"@type":"Organization","@id":"https:\/\/tgnames.com\/de\/#organization","name":"TG Names","url":"https:\/\/tgnames.com\/de\/","logo":{"@type":"ImageObject","inLanguage":"de","@id":"https:\/\/tgnames.com\/de\/#\/schema\/logo\/image\/","url":"https:\/\/tgnames.com\/de\/wp-content\/uploads\/sites\/2\/2024\/12\/cropped-logo-small-png.webp","contentUrl":"https:\/\/tgnames.com\/de\/wp-content\/uploads\/sites\/2\/2024\/12\/cropped-logo-small-png.webp","width":428,"height":70,"caption":"TG Names"},"image":{"@id":"https:\/\/tgnames.com\/de\/#\/schema\/logo\/image\/"}}]}},"uagb_featured_image_src":{"full":false,"thumbnail":false,"medium":false,"medium_large":false,"large":false,"1536x1536":false,"2048x2048":false},"uagb_author_info":{"display_name":"sa","author_link":"https:\/\/tgnames.com\/de\/author\/sa\/"},"uagb_comment_info":0,"uagb_excerpt":"Verbessern Sie Ihr Telegram-Erlebnis mit unserem Telegram-Schriftgenerator, der einfachen Text in stilvolle und einzigartige Schriftarten umwandelt. Egal, ob Sie fette, kursive oder dekorative Textstile erstellen m\u00f6chten, unser benutzerfreundliches Tool bietet eine breite Palette an Optionen, um Ihre Nachrichten hervorzuheben. Geben Sie einfach Ihren gew\u00fcnschten Text ein und unser Generator bietet verschiedene Schriftarten, die Sie kopieren&hellip;","_links":{"self":[{"href":"https:\/\/tgnames.com\/de\/wp-json\/wp\/v2\/pages\/19","targetHints":{"allow":["GET"]}}],"collection":[{"href":"https:\/\/tgnames.com\/de\/wp-json\/wp\/v2\/pages"}],"about":[{"href":"https:\/\/tgnames.com\/de\/wp-json\/wp\/v2\/types\/page"}],"author":[{"embeddable":true,"href":"https:\/\/tgnames.com\/de\/wp-json\/wp\/v2\/users\/1"}],"replies":[{"embeddable":true,"href":"https:\/\/tgnames.com\/de\/wp-json\/wp\/v2\/comments?post=19"}],"version-history":[{"count":2,"href":"https:\/\/tgnames.com\/de\/wp-json\/wp\/v2\/pages\/19\/revisions"}],"predecessor-version":[{"id":21,"href":"https:\/\/tgnames.com\/de\/wp-json\/wp\/v2\/pages\/19\/revisions\/21"}],"wp:attachment":[{"href":"https:\/\/tgnames.com\/de\/wp-json\/wp\/v2\/media?parent=19"}],"curies":[{"name":"wp","href":"https:\/\/api.w.org\/{rel}","templated":true}]}}