{"id":12,"date":"2024-12-24T13:41:52","date_gmt":"2024-12-24T10:41:52","guid":{"rendered":"https:\/\/tgnames.com\/es\/?page_id=12"},"modified":"2024-12-24T13:42:48","modified_gmt":"2024-12-24T10:42:48","slug":"telegram-font-generator-es","status":"publish","type":"page","link":"https:\/\/tgnames.com\/es\/telegram-font-generator-es\/","title":{"rendered":"Generador de fuentes de Telegram"},"content":{"rendered":"\n<p>Mejora tu experiencia en Telegram con nuestro generador de fuentes de Telegram, dise\u00f1ado para transformar texto simple en fuentes elegantes y \u00fanicas. Ya sea que est\u00e9s buscando crear estilos de texto en negrita, cursiva o decorativos, nuestra herramienta f\u00e1cil de usar ofrece una amplia gama de opciones para que tus mensajes se destaquen. Simplemente ingresa el texto que desees y nuestro generador te proporcionar\u00e1 varios estilos de fuente listos para que los copies y los pegues en tus chats de Telegram. Mejora tu comunicaci\u00f3n y expr\u00e9sate como nunca antes con nuestro generador de fuentes de Telegram.<\/p>\n","protected":false},"excerpt":{"rendered":"<p>Mejora tu experiencia en Telegram con nuestro generador de fuentes de Telegram, dise\u00f1ado para transformar texto simple en fuentes elegantes y \u00fanicas. Ya sea que est\u00e9s buscando crear estilos de texto en negrita, cursiva o decorativos, nuestra herramienta f\u00e1cil de usar ofrece una amplia gama de opciones para que tus mensajes se destaquen. Simplemente ingresa [&hellip;]<\/p>\n","protected":false},"author":1,"featured_media":0,"parent":0,"menu_order":0,"comment_status":"closed","ping_status":"closed","template":"","meta":{"_uag_custom_page_level_css":"","footnotes":""},"class_list":["post-12","page","type-page","status-publish","hentry"],"yoast_head":"<!-- This site is optimized with the Yoast SEO plugin v24.0 - https:\/\/yoast.com\/wordpress\/plugins\/seo\/ -->\n<title>Fuentes de Telegram - Generador en l\u00ednea: \u270c\ud83c\udd72\ud83c\udd7e\ud83c\udd7f\ud83c\udd88 y \ud83c\udd7f\ud83c\udd70\ud83c\udd82\ud83c\udd83\ud83c\udd74\u270c<\/title>\n<meta name=\"description\" content=\"Crea fuentes \u00fanicas y elegantes para tu nombre o mensajes de Telegram con nuestro generador de fuentes de Telegram f\u00e1cil de usar. \u00a1Agrega un toque personal a tus chats y destaca entre la multitud! Perfecto para crear estilos de texto en negrita, cursiva y decorativos.\" \/>\n<meta name=\"robots\" content=\"index, follow, max-snippet:-1, max-image-preview:large, max-video-preview:-1\" \/>\n<link rel=\"canonical\" href=\"https:\/\/tgnames.com\/es\/telegram-font-generator-es\/\" \/>\n<meta property=\"og:locale\" content=\"es_ES\" \/>\n<meta property=\"og:type\" content=\"article\" \/>\n<meta property=\"og:title\" content=\"Fuentes de Telegram - Generador en l\u00ednea: \u270c\ud83c\udd72\ud83c\udd7e\ud83c\udd7f\ud83c\udd88 y \ud83c\udd7f\ud83c\udd70\ud83c\udd82\ud83c\udd83\ud83c\udd74\u270c\" \/>\n<meta property=\"og:description\" content=\"Crea fuentes \u00fanicas y elegantes para tu nombre o mensajes de Telegram con nuestro generador de fuentes de Telegram f\u00e1cil de usar. \u00a1Agrega un toque personal a tus chats y destaca entre la multitud! Perfecto para crear estilos de texto en negrita, cursiva y decorativos.\" \/>\n<meta property=\"og:url\" content=\"https:\/\/tgnames.com\/es\/telegram-font-generator-es\/\" \/>\n<meta property=\"og:site_name\" content=\"Nombres TG\" \/>\n<meta property=\"article:modified_time\" content=\"2024-12-24T10:42:48+00:00\" \/>\n<meta name=\"twitter:card\" content=\"summary_large_image\" \/>\n<meta name=\"twitter:label1\" content=\"Tiempo de lectura\" \/>\n\t<meta name=\"twitter:data1\" content=\"1 minuto\" \/>\n<script type=\"application\/ld+json\" class=\"yoast-schema-graph\">{\"@context\":\"https:\/\/schema.org\",\"@graph\":[{\"@type\":\"WebPage\",\"@id\":\"https:\/\/tgnames.com\/es\/telegram-font-generator-es\/\",\"url\":\"https:\/\/tgnames.com\/es\/telegram-font-generator-es\/\",\"name\":\"Fuentes de Telegram - Generador en l\u00ednea: \u270c\ud83c\udd72\ud83c\udd7e\ud83c\udd7f\ud83c\udd88 y \ud83c\udd7f\ud83c\udd70\ud83c\udd82\ud83c\udd83\ud83c\udd74\u270c\",\"isPartOf\":{\"@id\":\"https:\/\/tgnames.com\/es\/#website\"},\"datePublished\":\"2024-12-24T10:41:52+00:00\",\"dateModified\":\"2024-12-24T10:42:48+00:00\",\"description\":\"Crea fuentes \u00fanicas y elegantes para tu nombre o mensajes de Telegram con nuestro generador de fuentes de Telegram f\u00e1cil de usar. \u00a1Agrega un toque personal a tus chats y destaca entre la multitud! Perfecto para crear estilos de texto en negrita, cursiva y decorativos.\",\"breadcrumb\":{\"@id\":\"https:\/\/tgnames.com\/es\/telegram-font-generator-es\/#breadcrumb\"},\"inLanguage\":\"es\",\"potentialAction\":[{\"@type\":\"ReadAction\",\"target\":[\"https:\/\/tgnames.com\/es\/telegram-font-generator-es\/\"]}]},{\"@type\":\"BreadcrumbList\",\"@id\":\"https:\/\/tgnames.com\/es\/telegram-font-generator-es\/#breadcrumb\",\"itemListElement\":[{\"@type\":\"ListItem\",\"position\":1,\"name\":\"\u0413\u043b\u0430\u0432\u043d\u0430\u044f \u0441\u0442\u0440\u0430\u043d\u0438\u0446\u0430\",\"item\":\"https:\/\/tgnames.com\/es\/\"},{\"@type\":\"ListItem\",\"position\":2,\"name\":\"Generador de fuentes de Telegram\"}]},{\"@type\":\"WebSite\",\"@id\":\"https:\/\/tgnames.com\/es\/#website\",\"url\":\"https:\/\/tgnames.com\/es\/\",\"name\":\"Nombres TG\",\"description\":\"\",\"publisher\":{\"@id\":\"https:\/\/tgnames.com\/es\/#organization\"},\"potentialAction\":[{\"@type\":\"SearchAction\",\"target\":{\"@type\":\"EntryPoint\",\"urlTemplate\":\"https:\/\/tgnames.com\/es\/?s={search_term_string}\"},\"query-input\":{\"@type\":\"PropertyValueSpecification\",\"valueRequired\":true,\"valueName\":\"search_term_string\"}}],\"inLanguage\":\"es\"},{\"@type\":\"Organization\",\"@id\":\"https:\/\/tgnames.com\/es\/#organization\",\"name\":\"Nombres TG\",\"url\":\"https:\/\/tgnames.com\/es\/\",\"logo\":{\"@type\":\"ImageObject\",\"inLanguage\":\"es\",\"@id\":\"https:\/\/tgnames.com\/es\/#\/schema\/logo\/image\/\",\"url\":\"https:\/\/tgnames.com\/es\/wp-content\/uploads\/sites\/3\/2024\/12\/cropped-logo-small-png.webp\",\"contentUrl\":\"https:\/\/tgnames.com\/es\/wp-content\/uploads\/sites\/3\/2024\/12\/cropped-logo-small-png.webp\",\"width\":428,\"height\":70,\"caption\":\"Nombres TG\"},\"image\":{\"@id\":\"https:\/\/tgnames.com\/es\/#\/schema\/logo\/image\/\"}}]}<\/script>\n<!-- \/ Yoast SEO plugin. -->","yoast_head_json":{"title":"Fuentes de Telegram - Generador en l\u00ednea: \u270c\ud83c\udd72\ud83c\udd7e\ud83c\udd7f\ud83c\udd88 y \ud83c\udd7f\ud83c\udd70\ud83c\udd82\ud83c\udd83\ud83c\udd74\u270c","description":"Crea fuentes \u00fanicas y elegantes para tu nombre o mensajes de Telegram con nuestro generador de fuentes de Telegram f\u00e1cil de usar. \u00a1Agrega un toque personal a tus chats y destaca entre la multitud! Perfecto para crear estilos de texto en negrita, cursiva y decorativos.","robots":{"index":"index","follow":"follow","max-snippet":"max-snippet:-1","max-image-preview":"max-image-preview:large","max-video-preview":"max-video-preview:-1"},"canonical":"https:\/\/tgnames.com\/es\/telegram-font-generator-es\/","og_locale":"es_ES","og_type":"article","og_title":"Fuentes de Telegram - Generador en l\u00ednea: \u270c\ud83c\udd72\ud83c\udd7e\ud83c\udd7f\ud83c\udd88 y \ud83c\udd7f\ud83c\udd70\ud83c\udd82\ud83c\udd83\ud83c\udd74\u270c","og_description":"Crea fuentes \u00fanicas y elegantes para tu nombre o mensajes de Telegram con nuestro generador de fuentes de Telegram f\u00e1cil de usar. \u00a1Agrega un toque personal a tus chats y destaca entre la multitud! Perfecto para crear estilos de texto en negrita, cursiva y decorativos.","og_url":"https:\/\/tgnames.com\/es\/telegram-font-generator-es\/","og_site_name":"Nombres TG","article_modified_time":"2024-12-24T10:42:48+00:00","twitter_card":"summary_large_image","twitter_misc":{"Tiempo de lectura":"1 minuto"},"schema":{"@context":"https:\/\/schema.org","@graph":[{"@type":"WebPage","@id":"https:\/\/tgnames.com\/es\/telegram-font-generator-es\/","url":"https:\/\/tgnames.com\/es\/telegram-font-generator-es\/","name":"Fuentes de Telegram - Generador en l\u00ednea: \u270c\ud83c\udd72\ud83c\udd7e\ud83c\udd7f\ud83c\udd88 y \ud83c\udd7f\ud83c\udd70\ud83c\udd82\ud83c\udd83\ud83c\udd74\u270c","isPartOf":{"@id":"https:\/\/tgnames.com\/es\/#website"},"datePublished":"2024-12-24T10:41:52+00:00","dateModified":"2024-12-24T10:42:48+00:00","description":"Crea fuentes \u00fanicas y elegantes para tu nombre o mensajes de Telegram con nuestro generador de fuentes de Telegram f\u00e1cil de usar. \u00a1Agrega un toque personal a tus chats y destaca entre la multitud! Perfecto para crear estilos de texto en negrita, cursiva y decorativos.","breadcrumb":{"@id":"https:\/\/tgnames.com\/es\/telegram-font-generator-es\/#breadcrumb"},"inLanguage":"es","potentialAction":[{"@type":"ReadAction","target":["https:\/\/tgnames.com\/es\/telegram-font-generator-es\/"]}]},{"@type":"BreadcrumbList","@id":"https:\/\/tgnames.com\/es\/telegram-font-generator-es\/#breadcrumb","itemListElement":[{"@type":"ListItem","position":1,"name":"\u0413\u043b\u0430\u0432\u043d\u0430\u044f \u0441\u0442\u0440\u0430\u043d\u0438\u0446\u0430","item":"https:\/\/tgnames.com\/es\/"},{"@type":"ListItem","position":2,"name":"Generador de fuentes de Telegram"}]},{"@type":"WebSite","@id":"https:\/\/tgnames.com\/es\/#website","url":"https:\/\/tgnames.com\/es\/","name":"Nombres TG","description":"","publisher":{"@id":"https:\/\/tgnames.com\/es\/#organization"},"potentialAction":[{"@type":"SearchAction","target":{"@type":"EntryPoint","urlTemplate":"https:\/\/tgnames.com\/es\/?s={search_term_string}"},"query-input":{"@type":"PropertyValueSpecification","valueRequired":true,"valueName":"search_term_string"}}],"inLanguage":"es"},{"@type":"Organization","@id":"https:\/\/tgnames.com\/es\/#organization","name":"Nombres TG","url":"https:\/\/tgnames.com\/es\/","logo":{"@type":"ImageObject","inLanguage":"es","@id":"https:\/\/tgnames.com\/es\/#\/schema\/logo\/image\/","url":"https:\/\/tgnames.com\/es\/wp-content\/uploads\/sites\/3\/2024\/12\/cropped-logo-small-png.webp","contentUrl":"https:\/\/tgnames.com\/es\/wp-content\/uploads\/sites\/3\/2024\/12\/cropped-logo-small-png.webp","width":428,"height":70,"caption":"Nombres TG"},"image":{"@id":"https:\/\/tgnames.com\/es\/#\/schema\/logo\/image\/"}}]}},"uagb_featured_image_src":{"full":false,"thumbnail":false,"medium":false,"medium_large":false,"large":false,"1536x1536":false,"2048x2048":false},"uagb_author_info":{"display_name":"sa","author_link":"https:\/\/tgnames.com\/es\/author\/sa\/"},"uagb_comment_info":0,"uagb_excerpt":"Mejora tu experiencia en Telegram con nuestro generador de fuentes de Telegram, dise\u00f1ado para transformar texto simple en fuentes elegantes y \u00fanicas. Ya sea que est\u00e9s buscando crear estilos de texto en negrita, cursiva o decorativos, nuestra herramienta f\u00e1cil de usar ofrece una amplia gama de opciones para que tus mensajes se destaquen. Simplemente ingresa&hellip;","_links":{"self":[{"href":"https:\/\/tgnames.com\/es\/wp-json\/wp\/v2\/pages\/12","targetHints":{"allow":["GET"]}}],"collection":[{"href":"https:\/\/tgnames.com\/es\/wp-json\/wp\/v2\/pages"}],"about":[{"href":"https:\/\/tgnames.com\/es\/wp-json\/wp\/v2\/types\/page"}],"author":[{"embeddable":true,"href":"https:\/\/tgnames.com\/es\/wp-json\/wp\/v2\/users\/1"}],"replies":[{"embeddable":true,"href":"https:\/\/tgnames.com\/es\/wp-json\/wp\/v2\/comments?post=12"}],"version-history":[{"count":1,"href":"https:\/\/tgnames.com\/es\/wp-json\/wp\/v2\/pages\/12\/revisions"}],"predecessor-version":[{"id":13,"href":"https:\/\/tgnames.com\/es\/wp-json\/wp\/v2\/pages\/12\/revisions\/13"}],"wp:attachment":[{"href":"https:\/\/tgnames.com\/es\/wp-json\/wp\/v2\/media?parent=12"}],"curies":[{"name":"wp","href":"https:\/\/api.w.org\/{rel}","templated":true}]}}