{"id":16,"date":"2025-01-15T12:06:45","date_gmt":"2025-01-15T09:06:45","guid":{"rendered":"https:\/\/tgnames.com\/fr\/?page_id=16"},"modified":"2025-01-15T12:14:48","modified_gmt":"2025-01-15T09:14:48","slug":"telegram-font-generator-fr","status":"publish","type":"page","link":"https:\/\/tgnames.com\/fr\/telegram-font-generator-fr\/","title":{"rendered":"G\u00e9n\u00e9rateur de polices Telegram"},"content":{"rendered":"\n<p>Am\u00e9liorez votre exp\u00e9rience Telegram avec notre g\u00e9n\u00e9rateur de polices Telegram, con\u00e7u pour transformer du texte brut en polices \u00e9l\u00e9gantes et uniques. Que vous cherchiez \u00e0 cr\u00e9er des styles de texte en gras, en italique ou d\u00e9coratifs, notre outil convivial offre une large gamme d&rsquo;options pour faire ressortir vos messages. Entrez simplement le texte souhait\u00e9 et notre g\u00e9n\u00e9rateur vous fournira diff\u00e9rents styles de police pr\u00eats \u00e0 \u00eatre copi\u00e9s et coll\u00e9s dans vos discussions TG. Am\u00e9liorez votre communication et exprimez-vous comme jamais auparavant avec notre service.<\/p>\n","protected":false},"excerpt":{"rendered":"<p>Am\u00e9liorez votre exp\u00e9rience Telegram avec notre g\u00e9n\u00e9rateur de polices Telegram, con\u00e7u pour transformer du texte brut en polices \u00e9l\u00e9gantes et uniques. Que vous cherchiez \u00e0 cr\u00e9er des styles de texte en gras, en italique ou d\u00e9coratifs, notre outil convivial offre une large gamme d&rsquo;options pour faire ressortir vos messages. Entrez simplement le texte souhait\u00e9 et [&hellip;]<\/p>\n","protected":false},"author":1,"featured_media":0,"parent":0,"menu_order":0,"comment_status":"closed","ping_status":"closed","template":"","meta":{"_uag_custom_page_level_css":"","footnotes":""},"class_list":["post-16","page","type-page","status-publish","hentry"],"yoast_head":"<!-- This site is optimized with the Yoast SEO plugin v24.0 - https:\/\/yoast.com\/wordpress\/plugins\/seo\/ -->\n<title>Polices Telegram - G\u00e9n\u00e9rateur en ligne : \u270c\ud83c\udd72\ud83c\udd7e\ud83c\udd7f\ud83c\udd78\ud83c\udd74\ud83c\udd81 &amp; \ud83c\udd72\ud83c\udd7e\ud83c\udd7b\ud83c\udd7b\ud83c\udd74\ud83c\udd81\u270c<\/title>\n<meta name=\"description\" content=\"Cr\u00e9ez des polices uniques et \u00e9l\u00e9gantes pour votre nom ou vos messages Telegram avec notre g\u00e9n\u00e9rateur de polices Telegram facile \u00e0 utiliser. Ajoutez une touche personnelle \u00e0 vos conversations et d\u00e9marquez-vous de la foule\u00a0! Parfait pour cr\u00e9er des styles de texte en gras, en italique et d\u00e9coratifs.\" \/>\n<meta name=\"robots\" content=\"index, follow, max-snippet:-1, max-image-preview:large, max-video-preview:-1\" \/>\n<link rel=\"canonical\" href=\"https:\/\/tgnames.com\/fr\/telegram-font-generator-fr\/\" \/>\n<meta property=\"og:locale\" content=\"fr_FR\" \/>\n<meta property=\"og:type\" content=\"article\" \/>\n<meta property=\"og:title\" content=\"Polices Telegram - G\u00e9n\u00e9rateur en ligne : \u270c\ud83c\udd72\ud83c\udd7e\ud83c\udd7f\ud83c\udd78\ud83c\udd74\ud83c\udd81 &amp; \ud83c\udd72\ud83c\udd7e\ud83c\udd7b\ud83c\udd7b\ud83c\udd74\ud83c\udd81\u270c\" \/>\n<meta property=\"og:description\" content=\"Cr\u00e9ez des polices uniques et \u00e9l\u00e9gantes pour votre nom ou vos messages Telegram avec notre g\u00e9n\u00e9rateur de polices Telegram facile \u00e0 utiliser. Ajoutez une touche personnelle \u00e0 vos conversations et d\u00e9marquez-vous de la foule\u00a0! Parfait pour cr\u00e9er des styles de texte en gras, en italique et d\u00e9coratifs.\" \/>\n<meta property=\"og:url\" content=\"https:\/\/tgnames.com\/fr\/telegram-font-generator-fr\/\" \/>\n<meta property=\"og:site_name\" content=\"Noms TG\" \/>\n<meta property=\"article:modified_time\" content=\"2025-01-15T09:14:48+00:00\" \/>\n<meta name=\"twitter:card\" content=\"summary_large_image\" \/>\n<meta name=\"twitter:label1\" content=\"Dur\u00e9e de lecture estim\u00e9e\" \/>\n\t<meta name=\"twitter:data1\" content=\"1 minute\" \/>\n<script type=\"application\/ld+json\" class=\"yoast-schema-graph\">{\"@context\":\"https:\/\/schema.org\",\"@graph\":[{\"@type\":\"WebPage\",\"@id\":\"https:\/\/tgnames.com\/fr\/telegram-font-generator-fr\/\",\"url\":\"https:\/\/tgnames.com\/fr\/telegram-font-generator-fr\/\",\"name\":\"Polices Telegram - G\u00e9n\u00e9rateur en ligne : \u270c\ud83c\udd72\ud83c\udd7e\ud83c\udd7f\ud83c\udd78\ud83c\udd74\ud83c\udd81 & \ud83c\udd72\ud83c\udd7e\ud83c\udd7b\ud83c\udd7b\ud83c\udd74\ud83c\udd81\u270c\",\"isPartOf\":{\"@id\":\"https:\/\/tgnames.com\/fr\/#website\"},\"datePublished\":\"2025-01-15T09:06:45+00:00\",\"dateModified\":\"2025-01-15T09:14:48+00:00\",\"description\":\"Cr\u00e9ez des polices uniques et \u00e9l\u00e9gantes pour votre nom ou vos messages Telegram avec notre g\u00e9n\u00e9rateur de polices Telegram facile \u00e0 utiliser. Ajoutez une touche personnelle \u00e0 vos conversations et d\u00e9marquez-vous de la foule\u00a0! Parfait pour cr\u00e9er des styles de texte en gras, en italique et d\u00e9coratifs.\",\"breadcrumb\":{\"@id\":\"https:\/\/tgnames.com\/fr\/telegram-font-generator-fr\/#breadcrumb\"},\"inLanguage\":\"fr-FR\",\"potentialAction\":[{\"@type\":\"ReadAction\",\"target\":[\"https:\/\/tgnames.com\/fr\/telegram-font-generator-fr\/\"]}]},{\"@type\":\"BreadcrumbList\",\"@id\":\"https:\/\/tgnames.com\/fr\/telegram-font-generator-fr\/#breadcrumb\",\"itemListElement\":[{\"@type\":\"ListItem\",\"position\":1,\"name\":\"\u0413\u043b\u0430\u0432\u043d\u0430\u044f \u0441\u0442\u0440\u0430\u043d\u0438\u0446\u0430\",\"item\":\"https:\/\/tgnames.com\/fr\/\"},{\"@type\":\"ListItem\",\"position\":2,\"name\":\"G\u00e9n\u00e9rateur de polices Telegram\"}]},{\"@type\":\"WebSite\",\"@id\":\"https:\/\/tgnames.com\/fr\/#website\",\"url\":\"https:\/\/tgnames.com\/fr\/\",\"name\":\"Noms TG\",\"description\":\"\",\"publisher\":{\"@id\":\"https:\/\/tgnames.com\/fr\/#organization\"},\"potentialAction\":[{\"@type\":\"SearchAction\",\"target\":{\"@type\":\"EntryPoint\",\"urlTemplate\":\"https:\/\/tgnames.com\/fr\/?s={search_term_string}\"},\"query-input\":{\"@type\":\"PropertyValueSpecification\",\"valueRequired\":true,\"valueName\":\"search_term_string\"}}],\"inLanguage\":\"fr-FR\"},{\"@type\":\"Organization\",\"@id\":\"https:\/\/tgnames.com\/fr\/#organization\",\"name\":\"Noms TG\",\"url\":\"https:\/\/tgnames.com\/fr\/\",\"logo\":{\"@type\":\"ImageObject\",\"inLanguage\":\"fr-FR\",\"@id\":\"https:\/\/tgnames.com\/fr\/#\/schema\/logo\/image\/\",\"url\":\"https:\/\/tgnames.com\/fr\/wp-content\/uploads\/sites\/5\/2025\/01\/cropped-logo-small-png.webp\",\"contentUrl\":\"https:\/\/tgnames.com\/fr\/wp-content\/uploads\/sites\/5\/2025\/01\/cropped-logo-small-png.webp\",\"width\":428,\"height\":70,\"caption\":\"Noms TG\"},\"image\":{\"@id\":\"https:\/\/tgnames.com\/fr\/#\/schema\/logo\/image\/\"}}]}<\/script>\n<!-- \/ Yoast SEO plugin. -->","yoast_head_json":{"title":"Polices Telegram - G\u00e9n\u00e9rateur en ligne : \u270c\ud83c\udd72\ud83c\udd7e\ud83c\udd7f\ud83c\udd78\ud83c\udd74\ud83c\udd81 & \ud83c\udd72\ud83c\udd7e\ud83c\udd7b\ud83c\udd7b\ud83c\udd74\ud83c\udd81\u270c","description":"Cr\u00e9ez des polices uniques et \u00e9l\u00e9gantes pour votre nom ou vos messages Telegram avec notre g\u00e9n\u00e9rateur de polices Telegram facile \u00e0 utiliser. Ajoutez une touche personnelle \u00e0 vos conversations et d\u00e9marquez-vous de la foule\u00a0! Parfait pour cr\u00e9er des styles de texte en gras, en italique et d\u00e9coratifs.","robots":{"index":"index","follow":"follow","max-snippet":"max-snippet:-1","max-image-preview":"max-image-preview:large","max-video-preview":"max-video-preview:-1"},"canonical":"https:\/\/tgnames.com\/fr\/telegram-font-generator-fr\/","og_locale":"fr_FR","og_type":"article","og_title":"Polices Telegram - G\u00e9n\u00e9rateur en ligne : \u270c\ud83c\udd72\ud83c\udd7e\ud83c\udd7f\ud83c\udd78\ud83c\udd74\ud83c\udd81 & \ud83c\udd72\ud83c\udd7e\ud83c\udd7b\ud83c\udd7b\ud83c\udd74\ud83c\udd81\u270c","og_description":"Cr\u00e9ez des polices uniques et \u00e9l\u00e9gantes pour votre nom ou vos messages Telegram avec notre g\u00e9n\u00e9rateur de polices Telegram facile \u00e0 utiliser. Ajoutez une touche personnelle \u00e0 vos conversations et d\u00e9marquez-vous de la foule\u00a0! Parfait pour cr\u00e9er des styles de texte en gras, en italique et d\u00e9coratifs.","og_url":"https:\/\/tgnames.com\/fr\/telegram-font-generator-fr\/","og_site_name":"Noms TG","article_modified_time":"2025-01-15T09:14:48+00:00","twitter_card":"summary_large_image","twitter_misc":{"Dur\u00e9e de lecture estim\u00e9e":"1 minute"},"schema":{"@context":"https:\/\/schema.org","@graph":[{"@type":"WebPage","@id":"https:\/\/tgnames.com\/fr\/telegram-font-generator-fr\/","url":"https:\/\/tgnames.com\/fr\/telegram-font-generator-fr\/","name":"Polices Telegram - G\u00e9n\u00e9rateur en ligne : \u270c\ud83c\udd72\ud83c\udd7e\ud83c\udd7f\ud83c\udd78\ud83c\udd74\ud83c\udd81 & \ud83c\udd72\ud83c\udd7e\ud83c\udd7b\ud83c\udd7b\ud83c\udd74\ud83c\udd81\u270c","isPartOf":{"@id":"https:\/\/tgnames.com\/fr\/#website"},"datePublished":"2025-01-15T09:06:45+00:00","dateModified":"2025-01-15T09:14:48+00:00","description":"Cr\u00e9ez des polices uniques et \u00e9l\u00e9gantes pour votre nom ou vos messages Telegram avec notre g\u00e9n\u00e9rateur de polices Telegram facile \u00e0 utiliser. Ajoutez une touche personnelle \u00e0 vos conversations et d\u00e9marquez-vous de la foule\u00a0! Parfait pour cr\u00e9er des styles de texte en gras, en italique et d\u00e9coratifs.","breadcrumb":{"@id":"https:\/\/tgnames.com\/fr\/telegram-font-generator-fr\/#breadcrumb"},"inLanguage":"fr-FR","potentialAction":[{"@type":"ReadAction","target":["https:\/\/tgnames.com\/fr\/telegram-font-generator-fr\/"]}]},{"@type":"BreadcrumbList","@id":"https:\/\/tgnames.com\/fr\/telegram-font-generator-fr\/#breadcrumb","itemListElement":[{"@type":"ListItem","position":1,"name":"\u0413\u043b\u0430\u0432\u043d\u0430\u044f \u0441\u0442\u0440\u0430\u043d\u0438\u0446\u0430","item":"https:\/\/tgnames.com\/fr\/"},{"@type":"ListItem","position":2,"name":"G\u00e9n\u00e9rateur de polices Telegram"}]},{"@type":"WebSite","@id":"https:\/\/tgnames.com\/fr\/#website","url":"https:\/\/tgnames.com\/fr\/","name":"Noms TG","description":"","publisher":{"@id":"https:\/\/tgnames.com\/fr\/#organization"},"potentialAction":[{"@type":"SearchAction","target":{"@type":"EntryPoint","urlTemplate":"https:\/\/tgnames.com\/fr\/?s={search_term_string}"},"query-input":{"@type":"PropertyValueSpecification","valueRequired":true,"valueName":"search_term_string"}}],"inLanguage":"fr-FR"},{"@type":"Organization","@id":"https:\/\/tgnames.com\/fr\/#organization","name":"Noms TG","url":"https:\/\/tgnames.com\/fr\/","logo":{"@type":"ImageObject","inLanguage":"fr-FR","@id":"https:\/\/tgnames.com\/fr\/#\/schema\/logo\/image\/","url":"https:\/\/tgnames.com\/fr\/wp-content\/uploads\/sites\/5\/2025\/01\/cropped-logo-small-png.webp","contentUrl":"https:\/\/tgnames.com\/fr\/wp-content\/uploads\/sites\/5\/2025\/01\/cropped-logo-small-png.webp","width":428,"height":70,"caption":"Noms TG"},"image":{"@id":"https:\/\/tgnames.com\/fr\/#\/schema\/logo\/image\/"}}]}},"uagb_featured_image_src":{"full":false,"thumbnail":false,"medium":false,"medium_large":false,"large":false,"1536x1536":false,"2048x2048":false},"uagb_author_info":{"display_name":"sa","author_link":"https:\/\/tgnames.com\/fr\/author\/sa\/"},"uagb_comment_info":0,"uagb_excerpt":"Am\u00e9liorez votre exp\u00e9rience Telegram avec notre g\u00e9n\u00e9rateur de polices Telegram, con\u00e7u pour transformer du texte brut en polices \u00e9l\u00e9gantes et uniques. Que vous cherchiez \u00e0 cr\u00e9er des styles de texte en gras, en italique ou d\u00e9coratifs, notre outil convivial offre une large gamme d&rsquo;options pour faire ressortir vos messages. Entrez simplement le texte souhait\u00e9 et\u2026","_links":{"self":[{"href":"https:\/\/tgnames.com\/fr\/wp-json\/wp\/v2\/pages\/16","targetHints":{"allow":["GET"]}}],"collection":[{"href":"https:\/\/tgnames.com\/fr\/wp-json\/wp\/v2\/pages"}],"about":[{"href":"https:\/\/tgnames.com\/fr\/wp-json\/wp\/v2\/types\/page"}],"author":[{"embeddable":true,"href":"https:\/\/tgnames.com\/fr\/wp-json\/wp\/v2\/users\/1"}],"replies":[{"embeddable":true,"href":"https:\/\/tgnames.com\/fr\/wp-json\/wp\/v2\/comments?post=16"}],"version-history":[{"count":1,"href":"https:\/\/tgnames.com\/fr\/wp-json\/wp\/v2\/pages\/16\/revisions"}],"predecessor-version":[{"id":17,"href":"https:\/\/tgnames.com\/fr\/wp-json\/wp\/v2\/pages\/16\/revisions\/17"}],"wp:attachment":[{"href":"https:\/\/tgnames.com\/fr\/wp-json\/wp\/v2\/media?parent=16"}],"curies":[{"name":"wp","href":"https:\/\/api.w.org\/{rel}","templated":true}]}}